{"id":1015,"date":"2018-12-04T09:38:30","date_gmt":"2018-12-04T08:38:30","guid":{"rendered":"http:\/\/neu.rohling209.org\/?page_id=1015"},"modified":"2025-10-23T10:08:15","modified_gmt":"2025-10-23T08:08:15","slug":"akademie-rohling","status":"publish","type":"page","link":"https:\/\/atelierrohling.ch\/?page_id=1015","title":{"rendered":"Akademie Rohling"},"content":{"rendered":"<div class=\"wp-block-image\">\n<figure class=\"alignright size-full is-resized\"><img decoding=\"async\" src=\"https:\/\/atelierrohling.ch\/wp-content\/uploads\/2024\/06\/logo.tif\" alt=\"\" class=\"wp-image-1738\" style=\"width:102px;height:auto\"\/><\/figure><\/div>\n\n<div class=\"wp-block-image\">\n<figure class=\"alignright size-full is-resized\"><img loading=\"lazy\" decoding=\"async\" width=\"417\" height=\"121\" src=\"https:\/\/atelierrohling.ch\/wp-content\/uploads\/2024\/04\/images.png\" alt=\"\" class=\"wp-image-1690\" style=\"width:69px;height:auto\" srcset=\"https:\/\/atelierrohling.ch\/wp-content\/uploads\/2024\/04\/images.png 417w, https:\/\/atelierrohling.ch\/wp-content\/uploads\/2024\/04\/images-410x119.png 410w, https:\/\/atelierrohling.ch\/wp-content\/uploads\/2024\/04\/images-100x29.png 100w, https:\/\/atelierrohling.ch\/wp-content\/uploads\/2024\/04\/images-200x58.png 200w\" sizes=\"auto, (max-width: 417px) 100vw, 417px\" \/><\/figure><\/div>\n\n\n<p class=\"has-background has-medium-font-size\" style=\"background-color:#fce80057\"><strong>Bist Du k\u00fcnstlerisch t\u00e4tig?<\/strong>                                                                                                                          <\/p>\n\n\n\n<p class=\"has-background has-medium-font-size\" style=\"background-color:#c3fc00a1\"><strong>Hast Du Interesse Neues auszuprobieren? <\/strong><\/p>\n\n\n\n<p class=\"has-background has-medium-font-size\" style=\"background-color:#8fecc7\"><strong>W\u00fcrdest Du gerne an eine Kunstschule?<\/strong><\/p>\n\n\n\n<p><\/p>\n\n\n\n<figure class=\"wp-block-gallery has-nested-images columns-default is-cropped wp-block-gallery-1 is-layout-flex wp-block-gallery-is-layout-flex\">\n<figure class=\"wp-block-image size-large\"><img loading=\"lazy\" decoding=\"async\" width=\"830\" height=\"553\" data-id=\"5847\" src=\"https:\/\/atelierrohling.ch\/wp-content\/uploads\/2025\/10\/Akademie-830x553.png\" alt=\"\" class=\"wp-image-5847\" srcset=\"https:\/\/atelierrohling.ch\/wp-content\/uploads\/2025\/10\/Akademie-830x553.png 830w, https:\/\/atelierrohling.ch\/wp-content\/uploads\/2025\/10\/Akademie-410x273.png 410w, https:\/\/atelierrohling.ch\/wp-content\/uploads\/2025\/10\/Akademie-768x512.png 768w, https:\/\/atelierrohling.ch\/wp-content\/uploads\/2025\/10\/Akademie-1536x1024.png 1536w, https:\/\/atelierrohling.ch\/wp-content\/uploads\/2025\/10\/Akademie-2048x1365.png 2048w, https:\/\/atelierrohling.ch\/wp-content\/uploads\/2025\/10\/Akademie-100x67.png 100w, https:\/\/atelierrohling.ch\/wp-content\/uploads\/2025\/10\/Akademie-200x133.png 200w, https:\/\/atelierrohling.ch\/wp-content\/uploads\/2025\/10\/Akademie-1250x833.png 1250w\" sizes=\"auto, (max-width: 830px) 100vw, 830px\" \/><\/figure>\n<\/figure>\n\n\n\n<div class=\"wp-block-group\"><div class=\"wp-block-group__inner-container is-layout-constrained wp-block-group-is-layout-constrained\">\n<p>Rohling entwickelt seit mehr als zehn Jahren praxisorientierte und kulturpolitische Perspektiven f\u00fcr die Kunst von Menschen mit Assistenzbedarf.&nbsp;<\/p>\n\n\n\n<p><strong>Neu bietet die Akademie Rohling Kunstinteressierten Weiterbildung in ihrer k\u00fcnstlerischen Praxis.&nbsp;<\/strong>Kulturelle Bildung ist ein wichtiges Mittel zur Teilhabe und gegen Benachteiligungen.&nbsp;<\/p>\n\n\n\n<p class=\"has-light-green-cyan-background-color has-background has-medium-font-size\"><strong>\u00abWho has the right to enter the art academy? Do you think it is really for everyone?&#8220;<\/strong> *foundationClass* collective, documenta 15<\/p>\n\n\n\n<p>Akademie Teilnehmende werden in ihrer k\u00fcnstlerischen Praxis gef\u00f6rdert. Die Akademie bietet theoretische und praktische Inputs, die den Kunstschaffenden neue Perspektiven er\u00f6ffnen k\u00f6nnen. Das Sprechen \u00fcber die eigene Kunst und das Besuchen von Ausstellungen ist wichtiger Teil der Akademiepraxis.<\/p>\n\n\n\n<p class=\"has-light-green-cyan-color has-text-color has-link-color wp-elements-477f030853ab1d8b1fbb35f47f8cb3f9\"><a href=\"https:\/\/www.bfh.ch\/de\/forschung\/forschungsprojekte\/2024-105-693-045\/\">Die Akademie Rohling will Begegnungen erm\u00f6glichen. Der Austausch zwischen Studierenden der Hochschule Bern und Akademie-Teilnehmenden ist vordergr\u00fcndig.&nbsp;<\/a><\/p>\n\n\n\n<p>Das Atelier als Raum, wo nebeneinander und gemeinsam geschaffen wird, spielt dabei eine wichtige Rolle.  Die Akademie findet im Kulturzentrum Progr und an der Hochschule der Kunst statt.&nbsp;<\/p>\n\n\n\n<p><strong>Leitung<\/strong>: Eva Rekade<strong> Assistenz: <\/strong>Pia Heim  <\/p>\n\n\n\n<p class=\"has-vivid-red-color has-text-color has-link-color wp-elements-81aef4541173a704f20192f8a764d866\"><a href=\"https:\/\/atelierrohling.ch\/wp-content\/uploads\/2024\/10\/Akademie.pdf\">Tamedia<\/a>                 <\/p>\n\n\n\n<p class=\"has-vivid-red-color has-text-color has-link-color wp-elements-5a5831841423d8bc95e09281db0f5976\"><a href=\"https:\/\/www.kathbern.ch\/pfarrblatt\/news-artikel\/kunst-kennt-keine-beeintraechtigung\">Pfarrblatt<\/a><\/p>\n\n\n\n<p><\/p>\n\n\n\n<p class=\"has-luminous-vivid-orange-background-color has-background has-medium-font-size\"><strong>Dienstag &amp; Donnerstag Nachmittag<\/strong> &amp; <strong>Mittwoch Vor-und Nachmittag.<\/strong><\/p>\n\n\n\n<p class=\"has-light-green-cyan-background-color has-background has-medium-font-size\">Interessierte melden sich unter:&nbsp;<strong>akademie@atelierohling.ch<\/strong><\/p>\n<\/div><\/div>\n\n\n\n<figure class=\"wp-block-image size-full is-resized\"><img decoding=\"async\" src=\"https:\/\/atelierrohling.ch\/wp-content\/uploads\/2024\/09\/LOGOS_1.tif\" alt=\"\" class=\"wp-image-1783\" style=\"width:861px;height:auto\"\/><\/figure>\n\n\n<div class=\"wp-block-image\">\n<figure class=\"alignleft size-full is-resized\"><img decoding=\"async\" src=\"https:\/\/atelierrohling.ch\/wp-content\/uploads\/2024\/09\/LOGOS_2-2.tif\" alt=\"\" class=\"wp-image-1793\" style=\"width:873px;height:auto\"\/><\/figure><\/div>\n\n\n\n\n<figure class=\"wp-block-image size-full is-resized\"><img decoding=\"async\" src=\"https:\/\/atelierrohling.ch\/wp-content\/uploads\/2024\/09\/LOGOS_3-2.tif\" alt=\"\" class=\"wp-image-1794\" style=\"width:779px;height:auto\"\/><\/figure>\n\n\n\n<p>Ruth und Arthur Scherbarth Stiftung<\/p>\n","protected":false},"excerpt":{"rendered":"<div class=\"entry-more-cont\"><div class=\"entry-more\"><a class=\"hvr\" href=\"https:\/\/atelierrohling.ch\/?page_id=1015\">Read More<\/a><\/div><\/div>","protected":false},"author":1,"featured_media":0,"parent":0,"menu_order":0,"comment_status":"closed","ping_status":"closed","template":"templates\/page-center-iso-fixed.php","meta":{"footnotes":""},"class_list":["post-1015","page","type-page","status-publish","hentry"],"_links":{"self":[{"href":"https:\/\/atelierrohling.ch\/index.php?rest_route=\/wp\/v2\/pages\/1015","targetHints":{"allow":["GET"]}}],"collection":[{"href":"https:\/\/atelierrohling.ch\/index.php?rest_route=\/wp\/v2\/pages"}],"about":[{"href":"https:\/\/atelierrohling.ch\/index.php?rest_route=\/wp\/v2\/types\/page"}],"author":[{"embeddable":true,"href":"https:\/\/atelierrohling.ch\/index.php?rest_route=\/wp\/v2\/users\/1"}],"replies":[{"embeddable":true,"href":"https:\/\/atelierrohling.ch\/index.php?rest_route=%2Fwp%2Fv2%2Fcomments&post=1015"}],"version-history":[{"count":85,"href":"https:\/\/atelierrohling.ch\/index.php?rest_route=\/wp\/v2\/pages\/1015\/revisions"}],"predecessor-version":[{"id":5899,"href":"https:\/\/atelierrohling.ch\/index.php?rest_route=\/wp\/v2\/pages\/1015\/revisions\/5899"}],"wp:attachment":[{"href":"https:\/\/atelierrohling.ch\/index.php?rest_route=%2Fwp%2Fv2%2Fmedia&parent=1015"}],"curies":[{"name":"wp","href":"https:\/\/api.w.org\/{rel}","templated":true}]}}